{"id":107,"date":"2024-03-26T22:59:17","date_gmt":"2024-03-26T21:59:17","guid":{"rendered":"https:\/\/reasoning.rgf.bg.ac.rs\/?page_id=107"},"modified":"2024-04-23T17:48:05","modified_gmt":"2024-04-23T15:48:05","slug":"dr-vesna-cvetkov","status":"publish","type":"page","link":"https:\/\/reasoning.rgf.bg.ac.rs\/?page_id=107","title":{"rendered":"dr Vesna Cvetkov"},"content":{"rendered":"\n<p><\/p>\n\n\n\n<figure class=\"wp-block-image size-large is-resized\"><img loading=\"lazy\" decoding=\"async\" width=\"819\" height=\"1024\" src=\"https:\/\/reasoning.rgf.bg.ac.rs\/wp-content\/uploads\/2024\/04\/Vesna-Cvetkov-1-819x1024.jpg\" alt=\"\" class=\"wp-image-182\" style=\"width:185px;height:auto\" srcset=\"https:\/\/reasoning.rgf.bg.ac.rs\/wp-content\/uploads\/2024\/04\/Vesna-Cvetkov-1-819x1024.jpg 819w, https:\/\/reasoning.rgf.bg.ac.rs\/wp-content\/uploads\/2024\/04\/Vesna-Cvetkov-1-240x300.jpg 240w, https:\/\/reasoning.rgf.bg.ac.rs\/wp-content\/uploads\/2024\/04\/Vesna-Cvetkov-1-768x960.jpg 768w, https:\/\/reasoning.rgf.bg.ac.rs\/wp-content\/uploads\/2024\/04\/Vesna-Cvetkov-1-1229x1536.jpg 1229w, https:\/\/reasoning.rgf.bg.ac.rs\/wp-content\/uploads\/2024\/04\/Vesna-Cvetkov-1-1638x2048.jpg 1638w, https:\/\/reasoning.rgf.bg.ac.rs\/wp-content\/uploads\/2024\/04\/Vesna-Cvetkov-1-scaled.jpg 2048w\" sizes=\"auto, (max-width: 706px) 89vw, (max-width: 767px) 82vw, 740px\" \/><\/figure>\n\n\n\n<p>Vesna Cvetkov je redovni profesor na Rudarsko-geolo\u0161kom fakultetu Univerziteta u Beogradu. Vi\u0161e od 25 godina se uspe\u0161no bavi geofizi\u010dkim istra\u017eivanjima od projektovanja, terenskih ispitivanja, do obrade i interpretacije podataka. U\u017ea specijalnost su joj magnetometrija, magnetna svojstva minerala, magnetizam stena i monitoring antropogenog zaga\u0111enja \u017eivotne sredine. Njeno bogato istra\u017eiva\u010dko iskustvo bi\u0107e od velikog zna\u010daja za realizaciju specifi\u010dnih projektnih zadataka, posebno u razvoju metodologije uzorkovanja i merenje rudne jalovine iz jezgara bu\u0161otina za potrebe laboratorijskih magnetnih ispitivanja jalovine u okviru radnog paketa 1 REASONONG projekta. Do sada je vodila i u\u010destvovala na vi\u0161e doma\u0107ih i me\u0111unarodnih prijekata, i objavila je vi\u0161e radova na SCI listi.<\/p>\n","protected":false},"excerpt":{"rendered":"<p>Vesna Cvetkov je redovni profesor na Rudarsko-geolo\u0161kom fakultetu Univerziteta u Beogradu. Vi\u0161e od 25 godina se uspe\u0161no bavi geofizi\u010dkim istra\u017eivanjima od projektovanja, terenskih ispitivanja, do obrade i interpretacije podataka. U\u017ea specijalnost su joj magnetometrija, magnetna svojstva minerala, magnetizam stena i monitoring antropogenog zaga\u0111enja \u017eivotne sredine. Njeno bogato istra\u017eiva\u010dko iskustvo bi\u0107e od velikog zna\u010daja za realizaciju &hellip; <\/p>\n<p class=\"link-more\"><a href=\"https:\/\/reasoning.rgf.bg.ac.rs\/?page_id=107\" class=\"more-link\">\u041d\u0430\u0441\u0442\u0430\u0432\u0438 \u0441\u0430 \u0447\u0438\u0442\u0430\u045a\u0435\u043c<span class=\"screen-reader-text\"> &#8222;dr Vesna Cvetkov&#8220;<\/span><\/a><\/p>\n","protected":false},"author":1,"featured_media":0,"parent":0,"menu_order":0,"comment_status":"closed","ping_status":"closed","template":"","meta":{"footnotes":""},"class_list":["post-107","page","type-page","status-publish","hentry"],"_links":{"self":[{"href":"https:\/\/reasoning.rgf.bg.ac.rs\/index.php?rest_route=\/wp\/v2\/pages\/107","targetHints":{"allow":["GET"]}}],"collection":[{"href":"https:\/\/reasoning.rgf.bg.ac.rs\/index.php?rest_route=\/wp\/v2\/pages"}],"about":[{"href":"https:\/\/reasoning.rgf.bg.ac.rs\/index.php?rest_route=\/wp\/v2\/types\/page"}],"author":[{"embeddable":true,"href":"https:\/\/reasoning.rgf.bg.ac.rs\/index.php?rest_route=\/wp\/v2\/users\/1"}],"replies":[{"embeddable":true,"href":"https:\/\/reasoning.rgf.bg.ac.rs\/index.php?rest_route=%2Fwp%2Fv2%2Fcomments&post=107"}],"version-history":[{"count":4,"href":"https:\/\/reasoning.rgf.bg.ac.rs\/index.php?rest_route=\/wp\/v2\/pages\/107\/revisions"}],"predecessor-version":[{"id":183,"href":"https:\/\/reasoning.rgf.bg.ac.rs\/index.php?rest_route=\/wp\/v2\/pages\/107\/revisions\/183"}],"wp:attachment":[{"href":"https:\/\/reasoning.rgf.bg.ac.rs\/index.php?rest_route=%2Fwp%2Fv2%2Fmedia&parent=107"}],"curies":[{"name":"wp","href":"https:\/\/api.w.org\/{rel}","templated":true}]}}