{"id":111,"date":"2024-03-26T22:59:17","date_gmt":"2024-03-26T21:59:17","guid":{"rendered":"https:\/\/reasoning.rgf.bg.ac.rs\/?page_id=111"},"modified":"2024-11-10T10:25:42","modified_gmt":"2024-11-10T09:25:42","slug":"dr-dragan-radulovic","status":"publish","type":"page","link":"https:\/\/reasoning.rgf.bg.ac.rs\/?page_id=111","title":{"rendered":"dr Dragan Radulovi\u0107"},"content":{"rendered":"\n<p>Dr Dragan Radulovi\u0107 je stru\u010dnjak za preradu minerala, tehnologiju odvajanja minerala, tehnike usitnjavanja, hemiju rastvora u procesu flotacije, sa vi\u0161e od 28 godina iskustva. TM5 je ukupno objavio 201 \u010dlanak, od \u010dega 14 \u010dlanaka u SCI indeksiranim \u010dasopisima i 17 \u010dlanaka u nau\u010dnim \u010dasopisima nacionalnog zna\u010daja. Do sada je bio glavni istra\u017eiva\u010d dva potprojekta finansirana od strane Ministarstva prosvete, nauke i tehnolo\u0161kog razvoja Republike Srbije. Dr Dragan Radulovi\u0107 je bio glavni projektant ili odgovorni projektant mnogih tehnolo\u0161kih projekata \u0161irom Balkana. U\u010destvovao je na 8 doma\u0107ih nau\u010dnih projekata.  Od 2005. godine kontinuirano sara\u0111uje sa Geolo\u0161kim zavodom Crne Gore sa Odeljenjem za regionalne Geologija. Od 2020. godine ostvaruje saradnju sa istra\u017eiva\u010dima sa Instituta Jo\u017eef Stefan u Sloveniji, sa kojima se prijavio na Projekat u oblasti istra\u017eivanja sirovina na temu recikla\u017ee koji sufinansira Evropska unija.<\/p>\n","protected":false},"excerpt":{"rendered":"<p>Dr Dragan Radulovi\u0107 je stru\u010dnjak za preradu minerala, tehnologiju odvajanja minerala, tehnike usitnjavanja, hemiju rastvora u procesu flotacije, sa vi\u0161e od 28 godina iskustva. TM5 je ukupno objavio 201 \u010dlanak, od \u010dega 14 \u010dlanaka u SCI indeksiranim \u010dasopisima i 17 \u010dlanaka u nau\u010dnim \u010dasopisima nacionalnog zna\u010daja. Do sada je bio glavni istra\u017eiva\u010d dva potprojekta finansirana &hellip; <\/p>\n<p class=\"link-more\"><a href=\"https:\/\/reasoning.rgf.bg.ac.rs\/?page_id=111\" class=\"more-link\">\u041d\u0430\u0441\u0442\u0430\u0432\u0438 \u0441\u0430 \u0447\u0438\u0442\u0430\u045a\u0435\u043c<span class=\"screen-reader-text\"> &#8222;dr Dragan Radulovi\u0107&#8220;<\/span><\/a><\/p>\n","protected":false},"author":1,"featured_media":0,"parent":0,"menu_order":0,"comment_status":"closed","ping_status":"closed","template":"","meta":{"footnotes":""},"class_list":["post-111","page","type-page","status-publish","hentry"],"_links":{"self":[{"href":"https:\/\/reasoning.rgf.bg.ac.rs\/index.php?rest_route=\/wp\/v2\/pages\/111","targetHints":{"allow":["GET"]}}],"collection":[{"href":"https:\/\/reasoning.rgf.bg.ac.rs\/index.php?rest_route=\/wp\/v2\/pages"}],"about":[{"href":"https:\/\/reasoning.rgf.bg.ac.rs\/index.php?rest_route=\/wp\/v2\/types\/page"}],"author":[{"embeddable":true,"href":"https:\/\/reasoning.rgf.bg.ac.rs\/index.php?rest_route=\/wp\/v2\/users\/1"}],"replies":[{"embeddable":true,"href":"https:\/\/reasoning.rgf.bg.ac.rs\/index.php?rest_route=%2Fwp%2Fv2%2Fcomments&post=111"}],"version-history":[{"count":2,"href":"https:\/\/reasoning.rgf.bg.ac.rs\/index.php?rest_route=\/wp\/v2\/pages\/111\/revisions"}],"predecessor-version":[{"id":576,"href":"https:\/\/reasoning.rgf.bg.ac.rs\/index.php?rest_route=\/wp\/v2\/pages\/111\/revisions\/576"}],"wp:attachment":[{"href":"https:\/\/reasoning.rgf.bg.ac.rs\/index.php?rest_route=%2Fwp%2Fv2%2Fmedia&parent=111"}],"curies":[{"name":"wp","href":"https:\/\/api.w.org\/{rel}","templated":true}]}}