{"id":112,"date":"2024-03-26T22:59:17","date_gmt":"2024-03-26T21:59:17","guid":{"rendered":"https:\/\/reasoning.rgf.bg.ac.rs\/?page_id=112"},"modified":"2024-11-10T10:27:45","modified_gmt":"2024-11-10T09:27:45","slug":"dr-jovica-stojanovic","status":"publish","type":"page","link":"https:\/\/reasoning.rgf.bg.ac.rs\/?page_id=112","title":{"rendered":"dr Jovica Stojanovi\u0107"},"content":{"rendered":"\n<p>Dr Jovica Stojanovi\u0107 je stru\u010dnjak za fundamentalnu i primenjenu mineralogiju, genezu i paregenezu polimetalnih le\u017ei\u0161ta Srbije, transmisijsku i reflektovanu mikroskopiju, posebno mikroskopiju rude i skeniraju\u0107u elektronsku mikroskopiju sa 22 godine iskustva. Tako\u0111e je stru\u010dnjak za primenjenu kristalografiju, difrakciju rendgenskih zraka na prahu i monokristalu i Ritveldovu metodu i njihovu primenu u prou\u010davanju minerala i sinteti\u010dkih proizvoda. Objavio je 70 \u010dlanaka u SCI indeksiranim \u010dasopisima i 10 \u010dlanaka u nau\u010dnim \u010dasopisima nacionalnog zna\u010daja. U\u010destvovao je na 7 doma\u0107ih nau\u010dnih projekata. Kao stipendista doktorskih nauka u okviru projekta \u201eProgram razvoja ljudskih resursa za odabrani jug -East European (SEE) Universities 07\/08\u201d boravio je u Be\u010du od 01.10. 2007. do 01. 03. 2008. na Institutu za mineralogiju i kristalografiju Univerziteta u Be\u010du pod rukovodstvom prof. dr. Ekkehart Tillmanns.<\/p>\n","protected":false},"excerpt":{"rendered":"<p>Dr Jovica Stojanovi\u0107 je stru\u010dnjak za fundamentalnu i primenjenu mineralogiju, genezu i paregenezu polimetalnih le\u017ei\u0161ta Srbije, transmisijsku i reflektovanu mikroskopiju, posebno mikroskopiju rude i skeniraju\u0107u elektronsku mikroskopiju sa 22 godine iskustva. Tako\u0111e je stru\u010dnjak za primenjenu kristalografiju, difrakciju rendgenskih zraka na prahu i monokristalu i Ritveldovu metodu i njihovu primenu u prou\u010davanju minerala i sinteti\u010dkih &hellip; <\/p>\n<p class=\"link-more\"><a href=\"https:\/\/reasoning.rgf.bg.ac.rs\/?page_id=112\" class=\"more-link\">\u041d\u0430\u0441\u0442\u0430\u0432\u0438 \u0441\u0430 \u0447\u0438\u0442\u0430\u045a\u0435\u043c<span class=\"screen-reader-text\"> &#8222;dr Jovica Stojanovi\u0107&#8220;<\/span><\/a><\/p>\n","protected":false},"author":1,"featured_media":0,"parent":0,"menu_order":0,"comment_status":"closed","ping_status":"closed","template":"","meta":{"footnotes":""},"class_list":["post-112","page","type-page","status-publish","hentry"],"_links":{"self":[{"href":"https:\/\/reasoning.rgf.bg.ac.rs\/index.php?rest_route=\/wp\/v2\/pages\/112","targetHints":{"allow":["GET"]}}],"collection":[{"href":"https:\/\/reasoning.rgf.bg.ac.rs\/index.php?rest_route=\/wp\/v2\/pages"}],"about":[{"href":"https:\/\/reasoning.rgf.bg.ac.rs\/index.php?rest_route=\/wp\/v2\/types\/page"}],"author":[{"embeddable":true,"href":"https:\/\/reasoning.rgf.bg.ac.rs\/index.php?rest_route=\/wp\/v2\/users\/1"}],"replies":[{"embeddable":true,"href":"https:\/\/reasoning.rgf.bg.ac.rs\/index.php?rest_route=%2Fwp%2Fv2%2Fcomments&post=112"}],"version-history":[{"count":2,"href":"https:\/\/reasoning.rgf.bg.ac.rs\/index.php?rest_route=\/wp\/v2\/pages\/112\/revisions"}],"predecessor-version":[{"id":578,"href":"https:\/\/reasoning.rgf.bg.ac.rs\/index.php?rest_route=\/wp\/v2\/pages\/112\/revisions\/578"}],"wp:attachment":[{"href":"https:\/\/reasoning.rgf.bg.ac.rs\/index.php?rest_route=%2Fwp%2Fv2%2Fmedia&parent=112"}],"curies":[{"name":"wp","href":"https:\/\/api.w.org\/{rel}","templated":true}]}}