{"id":113,"date":"2024-03-26T22:59:17","date_gmt":"2024-03-26T21:59:17","guid":{"rendered":"https:\/\/reasoning.rgf.bg.ac.rs\/?page_id=113"},"modified":"2024-11-10T10:26:43","modified_gmt":"2024-11-10T09:26:43","slug":"dr-vladimir-jovanovic","status":"publish","type":"page","link":"https:\/\/reasoning.rgf.bg.ac.rs\/?page_id=113","title":{"rendered":"dr Vladimir Jovanovi\u0107"},"content":{"rendered":"\n<p>Dr Vladimir Jovanovi\u0107 je stru\u010dnjak u oblasti prerade minerala, ta\u010dnije u procesima flotacije, aglomeracije i usitnjavanja. U\u010destvovao je u vi\u0161e projekata Ministarstva nauke i tehnologije (3 \u2013 osnovna istra\u017eivanja i 5 \u2013 tehnolo\u0161ki razvoj) i bio rukovodilac tri interna projekta. Dr Vladimir Jovanovi\u0107 rukovodio je potprojektom: \u201eOsvajanje tehnolo\u0161kih postupaka za dobijanje ekolo\u0161kih materijala na bazi kre\u010dnjaka\u201c u okviru projekta: \u201eOsvajanje tehnolo\u0161kih postupaka za dobijanje ekolo\u0161kih materijala na bazi nemetalnih mineralnih sirovina\u201c, br. 34013 za period 2011-2019. finansira Ministarstvo prosvete, nauke i tehnolo\u0161kog razvoja Republike Srbije, kao i sa tri zadatka. U\u010destvovao u terenskim istra\u017eivanjima, projektovanju i pu\u0161tanju u rad vi\u0161e postrojenja projektovanih u Institutu, kao i u izradi ve\u0107eg broja studija. U dosada\u0161njem radu objavio je 97 radova, od kojih je 6 sa SCI liste (dva iz kategorije M22 i \u010detiri iz M23) i 4 rada u \u010dasopisima nacionalnog zna\u010daja (M51, M52), kao i 67 nau\u010dnih publikacija, od kojih je 45 objavljeno na me\u0111unarodnim konferencijama. sastancima (M33) i 22 saop\u0161tenja na nacionalnim skupovima (M63). Jedanaest od navedenih radova odnosi se na oblast i temu iz ove aplikacije. dr Vladimir Jovanovi\u0107 ima 19 prihva\u0107enih tehni\u010dkih re\u0161enja, od kojih se 4 tehni\u010dka re\u0161enja odnose na temu prijavljenog projekta, kao i jedan prihva\u0107en patent na nacionalnom nivou. Poslednje tri godine kandidat je uspe\u0161no u\u010destvovao u nekoliko faza evropskog projekta Dubrova\u010dka me\u0111unarodna rudarska \u0161kola (DIM ESEE), finansiranog od strane Evropskog instituta za inovacije i tehnologiju. U prvom delu kao industrijski partner, a kasnije i kao mentor na projektu EIT Rav Materials Hub -RCA (Regionalni centar Adria), Internship Programme, koji finansira Evropski institut za inovacije i tehnologiju.<\/p>\n","protected":false},"excerpt":{"rendered":"<p>Dr Vladimir Jovanovi\u0107 je stru\u010dnjak u oblasti prerade minerala, ta\u010dnije u procesima flotacije, aglomeracije i usitnjavanja. U\u010destvovao je u vi\u0161e projekata Ministarstva nauke i tehnologije (3 \u2013 osnovna istra\u017eivanja i 5 \u2013 tehnolo\u0161ki razvoj) i bio rukovodilac tri interna projekta. Dr Vladimir Jovanovi\u0107 rukovodio je potprojektom: \u201eOsvajanje tehnolo\u0161kih postupaka za dobijanje ekolo\u0161kih materijala na bazi &hellip; <\/p>\n<p class=\"link-more\"><a href=\"https:\/\/reasoning.rgf.bg.ac.rs\/?page_id=113\" class=\"more-link\">\u041d\u0430\u0441\u0442\u0430\u0432\u0438 \u0441\u0430 \u0447\u0438\u0442\u0430\u045a\u0435\u043c<span class=\"screen-reader-text\"> &#8222;dr Vladimir Jovanovi\u0107&#8220;<\/span><\/a><\/p>\n","protected":false},"author":1,"featured_media":0,"parent":0,"menu_order":0,"comment_status":"closed","ping_status":"closed","template":"","meta":{"footnotes":""},"class_list":["post-113","page","type-page","status-publish","hentry"],"_links":{"self":[{"href":"https:\/\/reasoning.rgf.bg.ac.rs\/index.php?rest_route=\/wp\/v2\/pages\/113","targetHints":{"allow":["GET"]}}],"collection":[{"href":"https:\/\/reasoning.rgf.bg.ac.rs\/index.php?rest_route=\/wp\/v2\/pages"}],"about":[{"href":"https:\/\/reasoning.rgf.bg.ac.rs\/index.php?rest_route=\/wp\/v2\/types\/page"}],"author":[{"embeddable":true,"href":"https:\/\/reasoning.rgf.bg.ac.rs\/index.php?rest_route=\/wp\/v2\/users\/1"}],"replies":[{"embeddable":true,"href":"https:\/\/reasoning.rgf.bg.ac.rs\/index.php?rest_route=%2Fwp%2Fv2%2Fcomments&post=113"}],"version-history":[{"count":2,"href":"https:\/\/reasoning.rgf.bg.ac.rs\/index.php?rest_route=\/wp\/v2\/pages\/113\/revisions"}],"predecessor-version":[{"id":577,"href":"https:\/\/reasoning.rgf.bg.ac.rs\/index.php?rest_route=\/wp\/v2\/pages\/113\/revisions\/577"}],"wp:attachment":[{"href":"https:\/\/reasoning.rgf.bg.ac.rs\/index.php?rest_route=%2Fwp%2Fv2%2Fmedia&parent=113"}],"curies":[{"name":"wp","href":"https:\/\/api.w.org\/{rel}","templated":true}]}}