{"id":115,"date":"2024-03-26T22:59:17","date_gmt":"2024-03-26T21:59:17","guid":{"rendered":"https:\/\/reasoning.rgf.bg.ac.rs\/?page_id=115"},"modified":"2024-11-15T11:28:57","modified_gmt":"2024-11-15T10:28:57","slug":"dr-nina-nikolic","status":"publish","type":"page","link":"https:\/\/reasoning.rgf.bg.ac.rs\/?page_id=115","title":{"rendered":"dr Nina Nikoli\u0107"},"content":{"rendered":"\n<figure class=\"wp-block-image size-full\"><img loading=\"lazy\" decoding=\"async\" width=\"202\" height=\"253\" src=\"https:\/\/reasoning.rgf.bg.ac.rs\/wp-content\/uploads\/2024\/11\/ninanikolic.jpg\" alt=\"\" class=\"wp-image-639\"\/><\/figure>\n\n\n\n<p>Nina Nikoli\u0107, doktor biolo\u0161kih nauka (Univerzitet Hoenhajm, Nema\u010dka), je nau\u010dni savetnik u Institutu za multidisciplinarna istra\u017eivanja Univerziteta u Beogradu. Bavi se odnosima biljka-zemlji\u0161te u procesu spontane obnove predela o\u0161te\u0107enih industrijskim, pre svega rudarskim, aktivnostima, \u0161to predstavlja komplementarnu ekspertizu vezanu za biolo\u0161ke procese koji su va\u017eni za remedijaciju metalogenog rudarskog otpada. Njeni nau\u010dni radovi do sada su citirani 740 puta, sa h indeksom 13 (Google Scholar). \u010clan je evropskog ogranka Dru\u0161tva za ekolo\u0161ku restauraciju i Me\u0111unarodnog dru\u0161tva za silicijum u poljoprivredi i srodnim disciplinama. Na ovom Projektu Nina \u0107e doprineti ekspertizom u naprednim metodama analize elementarnog sastava uzoraka jalovine (ICP-OES analize u razli\u010ditim hemijskim frakcijama), kao i u multivarijacionim metodama statisti\u010dke analize dobijenih podataka.<\/p>\n","protected":false},"excerpt":{"rendered":"<p>Nina Nikoli\u0107, doktor biolo\u0161kih nauka (Univerzitet Hoenhajm, Nema\u010dka), je nau\u010dni savetnik u Institutu za multidisciplinarna istra\u017eivanja Univerziteta u Beogradu. Bavi se odnosima biljka-zemlji\u0161te u procesu spontane obnove predela o\u0161te\u0107enih industrijskim, pre svega rudarskim, aktivnostima, \u0161to predstavlja komplementarnu ekspertizu vezanu za biolo\u0161ke procese koji su va\u017eni za remedijaciju metalogenog rudarskog otpada. Njeni nau\u010dni radovi do sada &hellip; <\/p>\n<p class=\"link-more\"><a href=\"https:\/\/reasoning.rgf.bg.ac.rs\/?page_id=115\" class=\"more-link\">\u041d\u0430\u0441\u0442\u0430\u0432\u0438 \u0441\u0430 \u0447\u0438\u0442\u0430\u045a\u0435\u043c<span class=\"screen-reader-text\"> &#8222;dr Nina Nikoli\u0107&#8220;<\/span><\/a><\/p>\n","protected":false},"author":1,"featured_media":0,"parent":0,"menu_order":0,"comment_status":"closed","ping_status":"closed","template":"","meta":{"footnotes":""},"class_list":["post-115","page","type-page","status-publish","hentry"],"_links":{"self":[{"href":"https:\/\/reasoning.rgf.bg.ac.rs\/index.php?rest_route=\/wp\/v2\/pages\/115","targetHints":{"allow":["GET"]}}],"collection":[{"href":"https:\/\/reasoning.rgf.bg.ac.rs\/index.php?rest_route=\/wp\/v2\/pages"}],"about":[{"href":"https:\/\/reasoning.rgf.bg.ac.rs\/index.php?rest_route=\/wp\/v2\/types\/page"}],"author":[{"embeddable":true,"href":"https:\/\/reasoning.rgf.bg.ac.rs\/index.php?rest_route=\/wp\/v2\/users\/1"}],"replies":[{"embeddable":true,"href":"https:\/\/reasoning.rgf.bg.ac.rs\/index.php?rest_route=%2Fwp%2Fv2%2Fcomments&post=115"}],"version-history":[{"count":3,"href":"https:\/\/reasoning.rgf.bg.ac.rs\/index.php?rest_route=\/wp\/v2\/pages\/115\/revisions"}],"predecessor-version":[{"id":640,"href":"https:\/\/reasoning.rgf.bg.ac.rs\/index.php?rest_route=\/wp\/v2\/pages\/115\/revisions\/640"}],"wp:attachment":[{"href":"https:\/\/reasoning.rgf.bg.ac.rs\/index.php?rest_route=%2Fwp%2Fv2%2Fmedia&parent=115"}],"curies":[{"name":"wp","href":"https:\/\/api.w.org\/{rel}","templated":true}]}}