{"id":116,"date":"2024-03-26T22:59:17","date_gmt":"2024-03-26T21:59:17","guid":{"rendered":"https:\/\/reasoning.rgf.bg.ac.rs\/?page_id=116"},"modified":"2024-11-10T18:20:41","modified_gmt":"2024-11-10T17:20:41","slug":"dr-jelena-sencanski","status":"publish","type":"page","link":"https:\/\/reasoning.rgf.bg.ac.rs\/?page_id=116","title":{"rendered":"dr Jelena Sen\u0107anski"},"content":{"rendered":"\n<figure class=\"wp-block-image size-full is-resized\"><img loading=\"lazy\" decoding=\"async\" width=\"514\" height=\"633\" src=\"https:\/\/reasoning.rgf.bg.ac.rs\/wp-content\/uploads\/2024\/04\/viber_image_2024-04-15_20-44-22-717.jpg\" alt=\"\" class=\"wp-image-173\" style=\"width:148px;height:auto\" srcset=\"https:\/\/reasoning.rgf.bg.ac.rs\/wp-content\/uploads\/2024\/04\/viber_image_2024-04-15_20-44-22-717.jpg 514w, https:\/\/reasoning.rgf.bg.ac.rs\/wp-content\/uploads\/2024\/04\/viber_image_2024-04-15_20-44-22-717-244x300.jpg 244w\" sizes=\"auto, (max-width: 514px) 100vw, 514px\" \/><\/figure>\n\n\n\n<p>Dr Jelena Sen\u0107anski je doktor nauka Univerziteta u Beogradu na Fakultetu za fizi\u010dku hemiju. Ekspert je u oblasti atomske apsorpcione spektrometrije (grafitne pe\u0107i, plamene i hidridne tehnike), Ramanove spektroskopije i elektrohemije razli\u010ditih materijala. Njena istra\u017eiva\u010dka interesovanja uglavnom se ti\u010du fizi\u010dko-hemijske analize (npr. sadr\u017eaj minerala u uzorcima kao i kreiranje baza podataka o spektrima minerala). Tako\u0111e je visoko kvalifikovana u veb dizajnu (Sertifikat br: 019767).<\/p>\n","protected":false},"excerpt":{"rendered":"<p>Dr Jelena Sen\u0107anski je doktor nauka Univerziteta u Beogradu na Fakultetu za fizi\u010dku hemiju. Ekspert je u oblasti atomske apsorpcione spektrometrije (grafitne pe\u0107i, plamene i hidridne tehnike), Ramanove spektroskopije i elektrohemije razli\u010ditih materijala. Njena istra\u017eiva\u010dka interesovanja uglavnom se ti\u010du fizi\u010dko-hemijske analize (npr. sadr\u017eaj minerala u uzorcima kao i kreiranje baza podataka o spektrima minerala). Tako\u0111e &hellip; <\/p>\n<p class=\"link-more\"><a href=\"https:\/\/reasoning.rgf.bg.ac.rs\/?page_id=116\" class=\"more-link\">\u041d\u0430\u0441\u0442\u0430\u0432\u0438 \u0441\u0430 \u0447\u0438\u0442\u0430\u045a\u0435\u043c<span class=\"screen-reader-text\"> &#8222;dr Jelena Sen\u0107anski&#8220;<\/span><\/a><\/p>\n","protected":false},"author":1,"featured_media":0,"parent":0,"menu_order":0,"comment_status":"closed","ping_status":"closed","template":"","meta":{"footnotes":""},"class_list":["post-116","page","type-page","status-publish","hentry"],"_links":{"self":[{"href":"https:\/\/reasoning.rgf.bg.ac.rs\/index.php?rest_route=\/wp\/v2\/pages\/116","targetHints":{"allow":["GET"]}}],"collection":[{"href":"https:\/\/reasoning.rgf.bg.ac.rs\/index.php?rest_route=\/wp\/v2\/pages"}],"about":[{"href":"https:\/\/reasoning.rgf.bg.ac.rs\/index.php?rest_route=\/wp\/v2\/types\/page"}],"author":[{"embeddable":true,"href":"https:\/\/reasoning.rgf.bg.ac.rs\/index.php?rest_route=\/wp\/v2\/users\/1"}],"replies":[{"embeddable":true,"href":"https:\/\/reasoning.rgf.bg.ac.rs\/index.php?rest_route=%2Fwp%2Fv2%2Fcomments&post=116"}],"version-history":[{"count":6,"href":"https:\/\/reasoning.rgf.bg.ac.rs\/index.php?rest_route=\/wp\/v2\/pages\/116\/revisions"}],"predecessor-version":[{"id":597,"href":"https:\/\/reasoning.rgf.bg.ac.rs\/index.php?rest_route=\/wp\/v2\/pages\/116\/revisions\/597"}],"wp:attachment":[{"href":"https:\/\/reasoning.rgf.bg.ac.rs\/index.php?rest_route=%2Fwp%2Fv2%2Fmedia&parent=116"}],"curies":[{"name":"wp","href":"https:\/\/api.w.org\/{rel}","templated":true}]}}