{"id":117,"date":"2024-03-26T22:59:17","date_gmt":"2024-03-26T21:59:17","guid":{"rendered":"https:\/\/reasoning.rgf.bg.ac.rs\/?page_id=117"},"modified":"2024-11-10T10:29:44","modified_gmt":"2024-11-10T09:29:44","slug":"dr-grozdanka-bogdanovic","status":"publish","type":"page","link":"https:\/\/reasoning.rgf.bg.ac.rs\/?page_id=117","title":{"rendered":"dr Grozdanka Bogdanovi\u0107"},"content":{"rendered":"\n<p>Prof. dr Grozdanka Bogdanovi\u0107 je stru\u010dnjak za preradu minerala, ispiranje sulfidnih minerala i metala, tehnologije recikla\u017ee tehnogenih otpadnih materija, tretman rudni\u010dkih voda i za\u0161titu \u017eivotne sredine. Kao autor i koautor objavila je 17 \u010dlanaka u SCI indeksiranim \u010dasopisima. Prema bazi podataka Scopus ili VoS2 7. oktobra 2022. njeni \u010dlanci su imali 585 citata, bez samocitata, sa vredno\u0161\u0107u h indeksa 10. U\u010destvovala je u vi\u0161e nau\u010dnih projekata \u010diji je osniva\u010d Ministarstvo prosvete, nauke i tehnolo\u0161kog razvoja Republike Srbije. Republike Srbije (OI 172 031, OI 172 031, TR 21 008, S.5.30.55.0025), mnogi tehnolo\u0161ki projekti i studije koje finansiraju privredne organizacije, IPA Program prekograni\u010dne saradnje i Me\u0111unarodna nau\u010dna saradnja i mobilnost sa Univerzitetom rudarstva i geologije \u201eSveti Ivan Rilski\u201c, Sofija, Bugarska, Univerzitet u Zenici , Metalur\u0161ko-tehnolo\u0161ki fakultet, Bosna i Hercegovina, Univerzitet u Mi\u0161kolcu, Institut za pripremu sirovina i Za\u0161tita \u017eivotne sredine, Ma\u0111arska, Nacionalni tehni\u010dki univerzitet u Atini (NTUA), Rudarsko-metalur\u0161ki fakultet, Gr\u010dka, Prirodno-tehni\u010dki fakultet, Univerzitet u Ljubljani, Slovenija Prof. Bogdanovi\u0107 je glavni urednik \u010dasopisa u dva \u010dasopisa<\/p>\n","protected":false},"excerpt":{"rendered":"<p>Prof. dr Grozdanka Bogdanovi\u0107 je stru\u010dnjak za preradu minerala, ispiranje sulfidnih minerala i metala, tehnologije recikla\u017ee tehnogenih otpadnih materija, tretman rudni\u010dkih voda i za\u0161titu \u017eivotne sredine. Kao autor i koautor objavila je 17 \u010dlanaka u SCI indeksiranim \u010dasopisima. Prema bazi podataka Scopus ili VoS2 7. oktobra 2022. njeni \u010dlanci su imali 585 citata, bez samocitata, &hellip; <\/p>\n<p class=\"link-more\"><a href=\"https:\/\/reasoning.rgf.bg.ac.rs\/?page_id=117\" class=\"more-link\">\u041d\u0430\u0441\u0442\u0430\u0432\u0438 \u0441\u0430 \u0447\u0438\u0442\u0430\u045a\u0435\u043c<span class=\"screen-reader-text\"> &#8222;dr Grozdanka Bogdanovi\u0107&#8220;<\/span><\/a><\/p>\n","protected":false},"author":1,"featured_media":0,"parent":0,"menu_order":0,"comment_status":"closed","ping_status":"closed","template":"","meta":{"footnotes":""},"class_list":["post-117","page","type-page","status-publish","hentry"],"_links":{"self":[{"href":"https:\/\/reasoning.rgf.bg.ac.rs\/index.php?rest_route=\/wp\/v2\/pages\/117","targetHints":{"allow":["GET"]}}],"collection":[{"href":"https:\/\/reasoning.rgf.bg.ac.rs\/index.php?rest_route=\/wp\/v2\/pages"}],"about":[{"href":"https:\/\/reasoning.rgf.bg.ac.rs\/index.php?rest_route=\/wp\/v2\/types\/page"}],"author":[{"embeddable":true,"href":"https:\/\/reasoning.rgf.bg.ac.rs\/index.php?rest_route=\/wp\/v2\/users\/1"}],"replies":[{"embeddable":true,"href":"https:\/\/reasoning.rgf.bg.ac.rs\/index.php?rest_route=%2Fwp%2Fv2%2Fcomments&post=117"}],"version-history":[{"count":2,"href":"https:\/\/reasoning.rgf.bg.ac.rs\/index.php?rest_route=\/wp\/v2\/pages\/117\/revisions"}],"predecessor-version":[{"id":581,"href":"https:\/\/reasoning.rgf.bg.ac.rs\/index.php?rest_route=\/wp\/v2\/pages\/117\/revisions\/581"}],"wp:attachment":[{"href":"https:\/\/reasoning.rgf.bg.ac.rs\/index.php?rest_route=%2Fwp%2Fv2%2Fmedia&parent=117"}],"curies":[{"name":"wp","href":"https:\/\/api.w.org\/{rel}","templated":true}]}}