{"id":119,"date":"2024-03-26T22:59:17","date_gmt":"2024-03-26T21:59:17","guid":{"rendered":"https:\/\/reasoning.rgf.bg.ac.rs\/?page_id=119"},"modified":"2024-04-15T21:13:56","modified_gmt":"2024-04-15T19:13:56","slug":"filip-arnaut","status":"publish","type":"page","link":"https:\/\/reasoning.rgf.bg.ac.rs\/?page_id=119","title":{"rendered":"Filip Arnaut"},"content":{"rendered":"\n<p>Biografija<\/p>\n\n\n\n<figure class=\"wp-block-image size-full\"><img loading=\"lazy\" decoding=\"async\" width=\"150\" height=\"187\" src=\"https:\/\/reasoning.rgf.bg.ac.rs\/wp-content\/uploads\/2024\/04\/slika-FA-e1713208332771.jpeg\" alt=\"\" class=\"wp-image-159\"\/><\/figure>\n\n\n\n<p>Filip Arnaut, ro\u0111en 14. jula 1997. godine u Beogradu, zavr\u0161io je osnovne i master akademske studije na Rudarsko-geolo\u0161kom fakultetu Univerziteta u Beogradu, smer geofizika. Od 2021. godine nastavlja sa doktorskim studijama u istoj oblasti, fokusiraju\u0107i se na primenu ma\u0161inskog u\u010denja i metoda prognoziranja vremenskih serija na geo podatke. Od 2019. godine do danas objavio je dvadeset jedan nau\u010dni rad, a 2022. godine stekao je istra\u017eiva\u010dko zvanje istra\u017eiva\u010d-pripravnik na Departmanu za geofiziku, Rudarsko-geolo\u0161kog fakulteta, Univerziteta u Beogradu. Trenutno je zaposlen kao istra\u017eiva\u010d pripravnik na Institutu za Fiziku, Univerziteta u Beogradu, u laboratoriji za astrofiziku i fiziku jonosfere.<\/p>\n\n\n\n<figure class=\"wp-block-gallery has-nested-images columns-default is-cropped wp-block-gallery-1 is-layout-flex wp-block-gallery-is-layout-flex\"><\/figure>\n","protected":false},"excerpt":{"rendered":"<p>Biografija Filip Arnaut, ro\u0111en 14. jula 1997. godine u Beogradu, zavr\u0161io je osnovne i master akademske studije na Rudarsko-geolo\u0161kom fakultetu Univerziteta u Beogradu, smer geofizika. Od 2021. godine nastavlja sa doktorskim studijama u istoj oblasti, fokusiraju\u0107i se na primenu ma\u0161inskog u\u010denja i metoda prognoziranja vremenskih serija na geo podatke. Od 2019. godine do danas objavio &hellip; <\/p>\n<p class=\"link-more\"><a href=\"https:\/\/reasoning.rgf.bg.ac.rs\/?page_id=119\" class=\"more-link\">\u041d\u0430\u0441\u0442\u0430\u0432\u0438 \u0441\u0430 \u0447\u0438\u0442\u0430\u045a\u0435\u043c<span class=\"screen-reader-text\"> &#8222;Filip Arnaut&#8220;<\/span><\/a><\/p>\n","protected":false},"author":1,"featured_media":0,"parent":0,"menu_order":0,"comment_status":"closed","ping_status":"closed","template":"","meta":{"footnotes":""},"class_list":["post-119","page","type-page","status-publish","hentry"],"_links":{"self":[{"href":"https:\/\/reasoning.rgf.bg.ac.rs\/index.php?rest_route=\/wp\/v2\/pages\/119","targetHints":{"allow":["GET"]}}],"collection":[{"href":"https:\/\/reasoning.rgf.bg.ac.rs\/index.php?rest_route=\/wp\/v2\/pages"}],"about":[{"href":"https:\/\/reasoning.rgf.bg.ac.rs\/index.php?rest_route=\/wp\/v2\/types\/page"}],"author":[{"embeddable":true,"href":"https:\/\/reasoning.rgf.bg.ac.rs\/index.php?rest_route=\/wp\/v2\/users\/1"}],"replies":[{"embeddable":true,"href":"https:\/\/reasoning.rgf.bg.ac.rs\/index.php?rest_route=%2Fwp%2Fv2%2Fcomments&post=119"}],"version-history":[{"count":4,"href":"https:\/\/reasoning.rgf.bg.ac.rs\/index.php?rest_route=\/wp\/v2\/pages\/119\/revisions"}],"predecessor-version":[{"id":162,"href":"https:\/\/reasoning.rgf.bg.ac.rs\/index.php?rest_route=\/wp\/v2\/pages\/119\/revisions\/162"}],"wp:attachment":[{"href":"https:\/\/reasoning.rgf.bg.ac.rs\/index.php?rest_route=%2Fwp%2Fv2%2Fmedia&parent=119"}],"curies":[{"name":"wp","href":"https:\/\/api.w.org\/{rel}","templated":true}]}}