{"id":120,"date":"2024-03-26T22:59:17","date_gmt":"2024-03-26T21:59:17","guid":{"rendered":"https:\/\/reasoning.rgf.bg.ac.rs\/?page_id=120"},"modified":"2025-04-21T12:07:06","modified_gmt":"2025-04-21T10:07:06","slug":"dr-srecko-stopic","status":"publish","type":"page","link":"https:\/\/reasoning.rgf.bg.ac.rs\/?page_id=120","title":{"rendered":"dr Sre\u0107ko Stopi\u0107"},"content":{"rendered":"\n<figure class=\"wp-block-image size-large\"><img loading=\"lazy\" decoding=\"async\" width=\"1024\" height=\"683\" src=\"https:\/\/reasoning.rgf.bg.ac.rs\/wp-content\/uploads\/2025\/04\/dr-Srecko-Stopic-1024x683.jpg\" alt=\"\" class=\"wp-image-783\" srcset=\"https:\/\/reasoning.rgf.bg.ac.rs\/wp-content\/uploads\/2025\/04\/dr-Srecko-Stopic-1024x683.jpg 1024w, https:\/\/reasoning.rgf.bg.ac.rs\/wp-content\/uploads\/2025\/04\/dr-Srecko-Stopic-300x200.jpg 300w, https:\/\/reasoning.rgf.bg.ac.rs\/wp-content\/uploads\/2025\/04\/dr-Srecko-Stopic-768x512.jpg 768w, https:\/\/reasoning.rgf.bg.ac.rs\/wp-content\/uploads\/2025\/04\/dr-Srecko-Stopic.jpg 1144w\" sizes=\"auto, (max-width: 706px) 89vw, (max-width: 767px) 82vw, 740px\" \/><\/figure>\n\n\n\n<p>Biografija ukratko:<\/p>\n\n\n\n<p>Rodjen 03.04.1965. u Uzicu. Diplomirao 1991, magistrirao 1994, doktorirao 1997, i postao docent 1999 na Katedri za obojenu metalurgiju Tehnolosko-Metalurskog FAkulteta u Beogradu. 2001 je dobio Humboltovu stipendiju u Bonu, i od 2002 je zaposlen na Institutu za Procesnu metalurgiju i recikliranje metala Fakulteta za georesurse i Inzinjerstvo materiala Tehnickog Univerziteta u Ahenu, gde je profesor je na Predmetima \u201cHidrometalurgija i Elektroliza\u201d , \u201cMetalurgija elemenata retkih zemalja-Dobijanje I recikliranje\u201d, i \u201cVodonik u ekstraktivnoj metalurgiji (Felix Boigny Univerzitet na Obali Slonovace). Radi na EUROTITAN-projektu, kao i na raznim projektima bilateralne saradnje izmedju Nemacke i Srbije. Izabran je za vanrednog profesora u Nemackoj u 2014, i za naucnog savetnika u 2024 u Srbiji.<\/p>\n\n\n\n<p>Oblast istra\u017eivanja:<\/p>\n\n\n\n<p>Metalurgija, sinteza novih materijala, recikliranje metala, vodonik<\/p>\n\n\n\n<p>U\u010de\u0161\u0107e na projektima:<\/p>\n\n\n\n<p><em>2024-<\/em><em>2027\u00a0\u00a0\u00a0                    Decarbonized processes for recovery of titanium from aluminium and titanium residues EURO-TITAN (Current Project)<\/em><\/p>\n\n\n\n<p><em>2023-<\/em><em>2025&nbsp;&nbsp;&nbsp;&nbsp;&nbsp;&nbsp;&nbsp;&nbsp;&nbsp;&nbsp;&nbsp;&nbsp;&nbsp;&nbsp;&nbsp;&nbsp;&nbsp;&nbsp;&nbsp;&nbsp;&nbsp;&nbsp; International Master Program, Green Hydrogen and technologies, <\/em><em>Grant number 03SF0626C, WASCAL<\/em><em><\/em><\/p>\n\n\n\n<p><em>2024-2025<strong>&nbsp;&nbsp;&nbsp;&nbsp; &nbsp;&nbsp;&nbsp;&nbsp;&nbsp;&nbsp;&nbsp;&nbsp;&nbsp;&nbsp;&nbsp;&nbsp;&nbsp;&nbsp;&nbsp;&nbsp;&nbsp; <\/strong>Development of membranes based on metalorganic&nbsp;&nbsp; frameworks (MOFs) for extraction of metals and critical raw materials from mine waste, No. 57702456<\/em><\/p>\n\n\n\n<p>Relevantni radovi:<em><\/em><\/p>\n\n\n\n<ol style=\"list-style-type:lower-alpha\" class=\"wp-block-list\">\n<li>Kostic, D., Stopic, S., Keutmann, M., Emil-Kaya, E., Volkov-Husovic, T. , Peru\u0161ic, M., Friedrich, B. Synthesis of Titanium-Based Powders from Titanium Oxy-Sulfate Using Ultrasonic Spray Pyrolysis, Materials 2024, 17, 4779. <a href=\"https:\/\/doi.org\/10.3390\/ma17194779\">https:\/\/doi.org\/10.3390\/ma17194779<\/a><\/li>\n\n\n\n<li>\u00a0Stopic, S, Kostic, D, Schneider, R , Sievers, M., Wegmann, F., \u00a0Emil Kaya, E., Peru\u0161ic, M., \u00a0Friedrich, B. Recovery of Titanium from Red Mud Using Carbothermic Reduction and High Pressure Leaching of the Slag in an Autoclave. Minerals 2024, 14, 1151. <a href=\"https:\/\/doi.org\/10.3390\/min14111151\">https:\/\/doi.org\/10.3390\/min14111151<\/a><\/li>\n\n\n\n<li><a>Stopic, S., Kostic, D., Emil-Kaya, E., Uysal, E., G\u00fcrmen, S.,\u00a0 Mitra\u0161inovic, A., Peru\u0161ic, M,\u00a0 Friedrich, B,\u00a0 High-Pressure and High-Temperature Dissolution of Titanium from Titanium and Aluminum Residues: A Comparative Study,\u00a0 Surfaces 2024, 7, 1096\u20131108. https:\/\/doi.org\/10.3390\/surfaces7040072<\/a><\/li>\n<\/ol>\n","protected":false},"excerpt":{"rendered":"<p>Biografija ukratko: Rodjen 03.04.1965. u Uzicu. Diplomirao 1991, magistrirao 1994, doktorirao 1997, i postao docent 1999 na Katedri za obojenu metalurgiju Tehnolosko-Metalurskog FAkulteta u Beogradu. 2001 je dobio Humboltovu stipendiju u Bonu, i od 2002 je zaposlen na Institutu za Procesnu metalurgiju i recikliranje metala Fakulteta za georesurse i Inzinjerstvo materiala Tehnickog Univerziteta u Ahenu, &hellip; <\/p>\n<p class=\"link-more\"><a href=\"https:\/\/reasoning.rgf.bg.ac.rs\/?page_id=120\" class=\"more-link\">\u041d\u0430\u0441\u0442\u0430\u0432\u0438 \u0441\u0430 \u0447\u0438\u0442\u0430\u045a\u0435\u043c<span class=\"screen-reader-text\"> &#8222;dr Sre\u0107ko Stopi\u0107&#8220;<\/span><\/a><\/p>\n","protected":false},"author":1,"featured_media":0,"parent":0,"menu_order":0,"comment_status":"closed","ping_status":"closed","template":"","meta":{"footnotes":""},"class_list":["post-120","page","type-page","status-publish","hentry"],"_links":{"self":[{"href":"https:\/\/reasoning.rgf.bg.ac.rs\/index.php?rest_route=\/wp\/v2\/pages\/120","targetHints":{"allow":["GET"]}}],"collection":[{"href":"https:\/\/reasoning.rgf.bg.ac.rs\/index.php?rest_route=\/wp\/v2\/pages"}],"about":[{"href":"https:\/\/reasoning.rgf.bg.ac.rs\/index.php?rest_route=\/wp\/v2\/types\/page"}],"author":[{"embeddable":true,"href":"https:\/\/reasoning.rgf.bg.ac.rs\/index.php?rest_route=\/wp\/v2\/users\/1"}],"replies":[{"embeddable":true,"href":"https:\/\/reasoning.rgf.bg.ac.rs\/index.php?rest_route=%2Fwp%2Fv2%2Fcomments&post=120"}],"version-history":[{"count":6,"href":"https:\/\/reasoning.rgf.bg.ac.rs\/index.php?rest_route=\/wp\/v2\/pages\/120\/revisions"}],"predecessor-version":[{"id":785,"href":"https:\/\/reasoning.rgf.bg.ac.rs\/index.php?rest_route=\/wp\/v2\/pages\/120\/revisions\/785"}],"wp:attachment":[{"href":"https:\/\/reasoning.rgf.bg.ac.rs\/index.php?rest_route=%2Fwp%2Fv2%2Fmedia&parent=120"}],"curies":[{"name":"wp","href":"https:\/\/api.w.org\/{rel}","templated":true}]}}