{"id":293,"date":"2024-10-22T20:58:21","date_gmt":"2024-10-22T18:58:21","guid":{"rendered":"https:\/\/reasoning.rgf.bg.ac.rs\/?page_id=293"},"modified":"2024-11-12T14:50:25","modified_gmt":"2024-11-12T13:50:25","slug":"radionica-27-3-2024","status":"publish","type":"page","link":"https:\/\/reasoning.rgf.bg.ac.rs\/?page_id=293","title":{"rendered":"Radionica 27.3.2024."},"content":{"rendered":"\n<p>Workshop 27032024<\/p>\n\n\n\n<figure class=\"wp-block-image size-large\"><img loading=\"lazy\" decoding=\"async\" width=\"768\" height=\"1024\" src=\"https:\/\/reasoning.rgf.bg.ac.rs\/wp-content\/uploads\/2024\/11\/IMG_3459-768x1024.jpg\" alt=\"\" class=\"wp-image-613\" srcset=\"https:\/\/reasoning.rgf.bg.ac.rs\/wp-content\/uploads\/2024\/11\/IMG_3459-768x1024.jpg 768w, https:\/\/reasoning.rgf.bg.ac.rs\/wp-content\/uploads\/2024\/11\/IMG_3459-225x300.jpg 225w, https:\/\/reasoning.rgf.bg.ac.rs\/wp-content\/uploads\/2024\/11\/IMG_3459-1152x1536.jpg 1152w, https:\/\/reasoning.rgf.bg.ac.rs\/wp-content\/uploads\/2024\/11\/IMG_3459-1536x2048.jpg 1536w, https:\/\/reasoning.rgf.bg.ac.rs\/wp-content\/uploads\/2024\/11\/IMG_3459-scaled.jpg 1920w\" sizes=\"auto, (max-width: 706px) 89vw, (max-width: 767px) 82vw, 740px\" \/><\/figure>\n\n\n\n<p>Institut za tehnologiju nuklearnih i drugih mineralnih sirovina u saradnji sa Univerzitetom u Beogradu \u2013 Rudarsko-geolo\u0161kim fakultetom i Privrednom komorom Srbije organizovao je 27. marta 2024. godine jednodnevnu stru\u010dnu radionicu&nbsp; pod nazivom&nbsp;<strong>ZNA\u010cAJ MAGNETNE SEPARACIJE I SENZORSKOG SORTIRANJA U PROCESIMA PRERADE PRIMARNIH I SEKUNDARNIH SIROVINA SA OSVRTOM NA PROJEKTE:<\/strong><\/p>\n\n\n\n<ul class=\"wp-block-list\">\n<li>RIS-DUSTREC-II&nbsp;(EIT RAW MATERIALS, 22009,&nbsp;2023-2024)<\/li>\n\n\n\n<li>REASONING (FOND ZA NAUKU REPUBLIKE SRBIJE \u2013 PRIZMA, 7522,&nbsp;2024-2026)<\/li>\n<\/ul>\n\n\n\n<p>Skupu je prisustvovalo 7 istra\u017eiva\u010da sa projekta REASONING, koji su se upoznali sa mogu\u0107nostima moderne opreme za pripremu mineralnih sirovina. Skup je odr\u017ean u prostorijama Privredne komore Srbije.<\/p>\n\n\n\n<figure class=\"wp-block-image size-large\"><img loading=\"lazy\" decoding=\"async\" width=\"1024\" height=\"768\" src=\"https:\/\/reasoning.rgf.bg.ac.rs\/wp-content\/uploads\/2024\/11\/20240327_110105-1024x768.jpg\" alt=\"\" class=\"wp-image-615\" srcset=\"https:\/\/reasoning.rgf.bg.ac.rs\/wp-content\/uploads\/2024\/11\/20240327_110105-1024x768.jpg 1024w, https:\/\/reasoning.rgf.bg.ac.rs\/wp-content\/uploads\/2024\/11\/20240327_110105-300x225.jpg 300w, https:\/\/reasoning.rgf.bg.ac.rs\/wp-content\/uploads\/2024\/11\/20240327_110105-768x576.jpg 768w, https:\/\/reasoning.rgf.bg.ac.rs\/wp-content\/uploads\/2024\/11\/20240327_110105-1536x1152.jpg 1536w, https:\/\/reasoning.rgf.bg.ac.rs\/wp-content\/uploads\/2024\/11\/20240327_110105-2048x1536.jpg 2048w\" sizes=\"auto, (max-width: 706px) 89vw, (max-width: 767px) 82vw, 740px\" \/><\/figure>\n\n\n\n<figure class=\"wp-block-image size-large\"><img loading=\"lazy\" decoding=\"async\" width=\"1024\" height=\"768\" src=\"https:\/\/reasoning.rgf.bg.ac.rs\/wp-content\/uploads\/2024\/11\/20240327_110001-1024x768.jpg\" alt=\"\" class=\"wp-image-616\" srcset=\"https:\/\/reasoning.rgf.bg.ac.rs\/wp-content\/uploads\/2024\/11\/20240327_110001-1024x768.jpg 1024w, https:\/\/reasoning.rgf.bg.ac.rs\/wp-content\/uploads\/2024\/11\/20240327_110001-300x225.jpg 300w, https:\/\/reasoning.rgf.bg.ac.rs\/wp-content\/uploads\/2024\/11\/20240327_110001-768x576.jpg 768w, https:\/\/reasoning.rgf.bg.ac.rs\/wp-content\/uploads\/2024\/11\/20240327_110001-1536x1152.jpg 1536w, https:\/\/reasoning.rgf.bg.ac.rs\/wp-content\/uploads\/2024\/11\/20240327_110001-2048x1536.jpg 2048w\" sizes=\"auto, (max-width: 706px) 89vw, (max-width: 767px) 82vw, 740px\" \/><\/figure>\n\n\n\n<div class=\"wp-block-buttons is-content-justification-center is-layout-flex wp-container-core-buttons-is-layout-16018d1d wp-block-buttons-is-layout-flex\">\n<div class=\"wp-block-button\"><a class=\"wp-block-button__link wp-element-button\" href=\"https:\/\/reasoning.rgf.bg.ac.rs\/wp-content\/uploads\/2024\/11\/AGENDA_Belgrade.pdf\">AGENDA<\/a><\/div>\n\n\n\n<div class=\"wp-block-button\"><a class=\"wp-block-button__link wp-element-button\" href=\"https:\/\/reasoning.rgf.bg.ac.rs\/wp-content\/uploads\/2024\/11\/Attendance-list-27032024.pdf\">Attendance list 27032024<\/a><\/div>\n<\/div>\n\n\n\n<p><\/p>\n","protected":false},"excerpt":{"rendered":"<p>Workshop 27032024 Institut za tehnologiju nuklearnih i drugih mineralnih sirovina u saradnji sa Univerzitetom u Beogradu \u2013 Rudarsko-geolo\u0161kim fakultetom i Privrednom komorom Srbije organizovao je 27. marta 2024. godine jednodnevnu stru\u010dnu radionicu&nbsp; pod nazivom&nbsp;ZNA\u010cAJ MAGNETNE SEPARACIJE I SENZORSKOG SORTIRANJA U PROCESIMA PRERADE PRIMARNIH I SEKUNDARNIH SIROVINA SA OSVRTOM NA PROJEKTE: Skupu je prisustvovalo 7 istra\u017eiva\u010da &hellip; <\/p>\n<p class=\"link-more\"><a href=\"https:\/\/reasoning.rgf.bg.ac.rs\/?page_id=293\" class=\"more-link\">\u041d\u0430\u0441\u0442\u0430\u0432\u0438 \u0441\u0430 \u0447\u0438\u0442\u0430\u045a\u0435\u043c<span class=\"screen-reader-text\"> &#8222;Radionica 27.3.2024.&#8220;<\/span><\/a><\/p>\n","protected":false},"author":1,"featured_media":0,"parent":0,"menu_order":0,"comment_status":"closed","ping_status":"closed","template":"","meta":{"footnotes":""},"class_list":["post-293","page","type-page","status-publish","hentry"],"_links":{"self":[{"href":"https:\/\/reasoning.rgf.bg.ac.rs\/index.php?rest_route=\/wp\/v2\/pages\/293","targetHints":{"allow":["GET"]}}],"collection":[{"href":"https:\/\/reasoning.rgf.bg.ac.rs\/index.php?rest_route=\/wp\/v2\/pages"}],"about":[{"href":"https:\/\/reasoning.rgf.bg.ac.rs\/index.php?rest_route=\/wp\/v2\/types\/page"}],"author":[{"embeddable":true,"href":"https:\/\/reasoning.rgf.bg.ac.rs\/index.php?rest_route=\/wp\/v2\/users\/1"}],"replies":[{"embeddable":true,"href":"https:\/\/reasoning.rgf.bg.ac.rs\/index.php?rest_route=%2Fwp%2Fv2%2Fcomments&post=293"}],"version-history":[{"count":6,"href":"https:\/\/reasoning.rgf.bg.ac.rs\/index.php?rest_route=\/wp\/v2\/pages\/293\/revisions"}],"predecessor-version":[{"id":621,"href":"https:\/\/reasoning.rgf.bg.ac.rs\/index.php?rest_route=\/wp\/v2\/pages\/293\/revisions\/621"}],"wp:attachment":[{"href":"https:\/\/reasoning.rgf.bg.ac.rs\/index.php?rest_route=%2Fwp%2Fv2%2Fmedia&parent=293"}],"curies":[{"name":"wp","href":"https:\/\/api.w.org\/{rel}","templated":true}]}}