{"id":643,"date":"2024-11-15T11:37:13","date_gmt":"2024-11-15T10:37:13","guid":{"rendered":"https:\/\/reasoning.rgf.bg.ac.rs\/?page_id=643"},"modified":"2025-03-20T08:25:00","modified_gmt":"2025-03-20T07:25:00","slug":"sere-konferencija","status":"publish","type":"page","link":"https:\/\/reasoning.rgf.bg.ac.rs\/?page_id=643","title":{"rendered":"SERE Konferencija"},"content":{"rendered":"\n<h1 class=\"wp-block-heading\"><\/h1>\n\n\n<div class=\"wp-block-image\">\n<figure class=\"aligncenter size-full\"><img loading=\"lazy\" decoding=\"async\" width=\"357\" height=\"268\" src=\"https:\/\/reasoning.rgf.bg.ac.rs\/wp-content\/uploads\/2024\/11\/SERE-konf-Nina-1.jpg\" alt=\"\" class=\"wp-image-653\" srcset=\"https:\/\/reasoning.rgf.bg.ac.rs\/wp-content\/uploads\/2024\/11\/SERE-konf-Nina-1.jpg 357w, https:\/\/reasoning.rgf.bg.ac.rs\/wp-content\/uploads\/2024\/11\/SERE-konf-Nina-1-300x225.jpg 300w\" sizes=\"auto, (max-width: 357px) 100vw, 357px\" \/><\/figure>\n<\/div>\n\n\n<p>Dr Nina Nikoli\u0107 (Institut za multidisciplinarna istra\u017eivanja) u\u010destvovala je avgusta 2024 na \u010cetrnaestoj konferenciji o ekolo\u0161koj restauraciji (https:\/\/sere2024.org\/abstracts\/sessions\/; Tartu, Estonija) koju svake druge godine organizuje Evropsko dru\u0161tvo za ekolo\u0161ku restauraciju. U okviru posebne celodnevne sekcije posve\u0107ene razvoju evropskih smernica za revitalizaciju predela o\u0161te\u0107enih rudarskim aktivnostima Nina je odr\u017eala prezentaciju po pozivu pod naslovom \u201dDrought-disturbed nutrient cycling as a key limitation for spontaneous restoration: Study on metalliferous post-mining sites in Serbia\u201d u kojoj je predstavila dosada\u0161nje rezultate sa deponija metalogenog rudarskog otpada u na\u0161oj zemlji. Osim toga, u\u010destvovala je i u osnivanju i radu neformalne grupe eksperata iz oblasti ekologije post-rudarskih predela u okviru ovog Dru\u0161tva.<\/p>\n\n\n\n<div class=\"wp-block-buttons is-content-justification-center is-layout-flex wp-container-core-buttons-is-layout-16018d1d wp-block-buttons-is-layout-flex\">\n<div class=\"wp-block-button\"><a class=\"wp-block-button__link wp-element-button\" href=\"https:\/\/reasoning.rgf.bg.ac.rs\/wp-content\/uploads\/2024\/11\/Nina-abstract-Estonia.pdf\">Nina abstract Estonia<\/a><\/div>\n\n\n\n<div class=\"wp-block-button\"><a class=\"wp-block-button__link wp-element-button\" href=\"https:\/\/reasoning.rgf.bg.ac.rs\/wp-content\/uploads\/2024\/11\/Invitation_Nina_Nikolic_SERE2024.pdf\">Invitation_Nina_Nikolic_SERE2024<\/a><\/div>\n\n\n\n<div class=\"wp-block-button\"><a class=\"wp-block-button__link wp-element-button\" href=\"https:\/\/reasoning.rgf.bg.ac.rs\/wp-content\/uploads\/2025\/03\/Nikolic-Estonija-prezentacija.pdf\">Prezentacija<\/a><\/div>\n<\/div>\n\n\n\n<p><\/p>\n","protected":false},"excerpt":{"rendered":"<p>Dr Nina Nikoli\u0107 (Institut za multidisciplinarna istra\u017eivanja) u\u010destvovala je avgusta 2024 na \u010cetrnaestoj konferenciji o ekolo\u0161koj restauraciji (https:\/\/sere2024.org\/abstracts\/sessions\/; Tartu, Estonija) koju svake druge godine organizuje Evropsko dru\u0161tvo za ekolo\u0161ku restauraciju. U okviru posebne celodnevne sekcije posve\u0107ene razvoju evropskih smernica za revitalizaciju predela o\u0161te\u0107enih rudarskim aktivnostima Nina je odr\u017eala prezentaciju po pozivu pod naslovom \u201dDrought-disturbed nutrient &hellip; <\/p>\n<p class=\"link-more\"><a href=\"https:\/\/reasoning.rgf.bg.ac.rs\/?page_id=643\" class=\"more-link\">\u041d\u0430\u0441\u0442\u0430\u0432\u0438 \u0441\u0430 \u0447\u0438\u0442\u0430\u045a\u0435\u043c<span class=\"screen-reader-text\"> &#8222;SERE Konferencija&#8220;<\/span><\/a><\/p>\n","protected":false},"author":1,"featured_media":0,"parent":0,"menu_order":0,"comment_status":"closed","ping_status":"closed","template":"","meta":{"footnotes":""},"class_list":["post-643","page","type-page","status-publish","hentry"],"_links":{"self":[{"href":"https:\/\/reasoning.rgf.bg.ac.rs\/index.php?rest_route=\/wp\/v2\/pages\/643","targetHints":{"allow":["GET"]}}],"collection":[{"href":"https:\/\/reasoning.rgf.bg.ac.rs\/index.php?rest_route=\/wp\/v2\/pages"}],"about":[{"href":"https:\/\/reasoning.rgf.bg.ac.rs\/index.php?rest_route=\/wp\/v2\/types\/page"}],"author":[{"embeddable":true,"href":"https:\/\/reasoning.rgf.bg.ac.rs\/index.php?rest_route=\/wp\/v2\/users\/1"}],"replies":[{"embeddable":true,"href":"https:\/\/reasoning.rgf.bg.ac.rs\/index.php?rest_route=%2Fwp%2Fv2%2Fcomments&post=643"}],"version-history":[{"count":7,"href":"https:\/\/reasoning.rgf.bg.ac.rs\/index.php?rest_route=\/wp\/v2\/pages\/643\/revisions"}],"predecessor-version":[{"id":778,"href":"https:\/\/reasoning.rgf.bg.ac.rs\/index.php?rest_route=\/wp\/v2\/pages\/643\/revisions\/778"}],"wp:attachment":[{"href":"https:\/\/reasoning.rgf.bg.ac.rs\/index.php?rest_route=%2Fwp%2Fv2%2Fmedia&parent=643"}],"curies":[{"name":"wp","href":"https:\/\/api.w.org\/{rel}","templated":true}]}}