{"id":678,"date":"2024-11-15T13:45:57","date_gmt":"2024-11-15T12:45:57","guid":{"rendered":"https:\/\/reasoning.rgf.bg.ac.rs\/?page_id=678"},"modified":"2024-11-15T13:45:57","modified_gmt":"2024-11-15T12:45:57","slug":"o-nama","status":"publish","type":"page","link":"https:\/\/reasoning.rgf.bg.ac.rs\/?page_id=678","title":{"rendered":"O nama"},"content":{"rendered":"\n<p><strong>Karakterizacija i tehnolo\u0161ki postupci za recikla\u017eu i ponovnu upotrebu flotacijske jalovine rudnika Rudnik<\/strong> &#8211; <strong>REASONING<\/strong> &nbsp;je projekat koji se realizuje kroz program PRIZMA Fonda za nauku Republike Srbije. Ovaj projekat se bavi ispitivanjem jalovine nastale tokom vi\u0161edecenijske eksploatacije i flotacijske prerade rude iz rudnika \u201eRudnik\u201d. Primarni ciljevi projekta su karakterizacija, razvoj tehnolo\u0161kih metoda za efikasno izdvajanje korisnih metala i drugih elemenata prisutnih u jalovini i ocena mogu\u0107nosti kori\u0161\u0107enja jalovine kao sirovine. Istra\u017eivanja koje se sprovode kroz radne pakete ovog projekta obuhvataju merenje i pra\u0107enje promena fizi\u010dko-hemijskih uslova du\u017e vertikalnog profila tela jalovine, korelaciju magnetne susceptibilnosti sa sadr\u017eajem te\u0161kih metala sa dubinom i definisanje zona oboga\u0107ivanja, utvr\u0111ivanje distribucije mineralnih asocijacija, varijacija i trendova u sastavu pornih voda, te\u0161kih metala i prate\u0107ih elemenata, istra\u017eivanje distribucije stabilne mineralne asocijacije i distribucije elemenata kroz teorijsko geohemijsko modelovanje, pronalazak optimalne \u0161eme za ekstrakciju elemenata teorijskim pristupom, elektrohemijsko odvajanje elemenata iz sinteti\u010dkih i lu\u017eenih rastvora i tehnolo\u0161ki postupak valorizacije korisnih komponenti.<\/p>\n\n\n\n<p>REASONING je multidisciplinarni projekat koji obuhvata ispitivanja jalovine kroz geolo\u0161ka, minerolo\u0161ka, geohemijska i geofizi\u010dka ispitivanja.&nbsp; Projekat REASONING \u0107e doprineti prou\u010davanju distribucije elemenata, postupcima ekstrakcije i na\u010dinu kori\u0161\u0107enja jalovine iz jalovi\u0161ta rudnika \u201eRudnik\u201c a rezultati ovog projekta trebalo bi da budu i primer za budu\u0107a istra\u017eivanja i kompleksnu valorizaciju jalovine iz brojnih jalovi\u0161ta u Srbiji.<\/p>\n","protected":false},"excerpt":{"rendered":"<p>Karakterizacija i tehnolo\u0161ki postupci za recikla\u017eu i ponovnu upotrebu flotacijske jalovine rudnika Rudnik &#8211; REASONING &nbsp;je projekat koji se realizuje kroz program PRIZMA Fonda za nauku Republike Srbije. Ovaj projekat se bavi ispitivanjem jalovine nastale tokom vi\u0161edecenijske eksploatacije i flotacijske prerade rude iz rudnika \u201eRudnik\u201d. Primarni ciljevi projekta su karakterizacija, razvoj tehnolo\u0161kih metoda za efikasno &hellip; <\/p>\n<p class=\"link-more\"><a href=\"https:\/\/reasoning.rgf.bg.ac.rs\/?page_id=678\" class=\"more-link\">\u041d\u0430\u0441\u0442\u0430\u0432\u0438 \u0441\u0430 \u0447\u0438\u0442\u0430\u045a\u0435\u043c<span class=\"screen-reader-text\"> &#8222;O nama&#8220;<\/span><\/a><\/p>\n","protected":false},"author":1,"featured_media":0,"parent":0,"menu_order":0,"comment_status":"closed","ping_status":"closed","template":"","meta":{"footnotes":""},"class_list":["post-678","page","type-page","status-publish","hentry"],"_links":{"self":[{"href":"https:\/\/reasoning.rgf.bg.ac.rs\/index.php?rest_route=\/wp\/v2\/pages\/678","targetHints":{"allow":["GET"]}}],"collection":[{"href":"https:\/\/reasoning.rgf.bg.ac.rs\/index.php?rest_route=\/wp\/v2\/pages"}],"about":[{"href":"https:\/\/reasoning.rgf.bg.ac.rs\/index.php?rest_route=\/wp\/v2\/types\/page"}],"author":[{"embeddable":true,"href":"https:\/\/reasoning.rgf.bg.ac.rs\/index.php?rest_route=\/wp\/v2\/users\/1"}],"replies":[{"embeddable":true,"href":"https:\/\/reasoning.rgf.bg.ac.rs\/index.php?rest_route=%2Fwp%2Fv2%2Fcomments&post=678"}],"version-history":[{"count":1,"href":"https:\/\/reasoning.rgf.bg.ac.rs\/index.php?rest_route=\/wp\/v2\/pages\/678\/revisions"}],"predecessor-version":[{"id":680,"href":"https:\/\/reasoning.rgf.bg.ac.rs\/index.php?rest_route=\/wp\/v2\/pages\/678\/revisions\/680"}],"wp:attachment":[{"href":"https:\/\/reasoning.rgf.bg.ac.rs\/index.php?rest_route=%2Fwp%2Fv2%2Fmedia&parent=678"}],"curies":[{"name":"wp","href":"https:\/\/api.w.org\/{rel}","templated":true}]}}